{"id":14,"date":"2019-09-09T09:03:27","date_gmt":"2019-09-09T09:03:27","guid":{"rendered":"https:\/\/adoc.pt\/?page_id=14"},"modified":"2020-02-19T06:30:14","modified_gmt":"2020-02-19T06:30:14","slug":"home-es","status":"publish","type":"page","link":"https:\/\/adoc.pt\/es\/","title":{"rendered":"Home &#8211; es"},"content":{"rendered":"\n<p class=\"has-text-align-center\">La oficina de ADOC naci\u00f3 de la convergencia de un grupo de arquitectos, con diferentes experiencias y con el prop\u00f3sito de trabajar la disciplina centrando y agregando todas las vertientes t\u00e9cnicas de la construcci\u00f3n, en un dise\u00f1o \u00fanico y perenne.<br><\/p>\n\n\n\n<p class=\"has-text-align-center\">La trayectoria individual de cada uno, antes de la fundaci\u00f3n de ADOC, permiti\u00f3 desde el inicio dar respuesta a los diferentes desaf\u00edos, con la capacidad de liderar procesos de gran complejidad y de diferentes \u00e1reas.<br><\/p>\n\n\n<p><!--EndFragment--><\/p>","protected":false},"excerpt":{"rendered":"<p>La oficina de ADOC naci\u00f3 de la convergencia de un grupo de arquitectos, con diferentes experiencias y con el prop\u00f3sito de trabajar la disciplina centrando y agregando todas las vertientes t\u00e9cnicas de la construcci\u00f3n, en un dise\u00f1o \u00fanico y perenne. La trayectoria individual de cada uno, antes de la fundaci\u00f3n de ADOC, permiti\u00f3 desde el [&hellip;]<\/p>\n","protected":false},"author":1,"featured_media":0,"parent":0,"menu_order":0,"comment_status":"closed","ping_status":"closed","template":"template-home.php","meta":{"_acf_changed":false,"footnotes":""},"class_list":["post-14","page","type-page","status-publish","hentry"],"acf":[],"yoast_head":"<!-- This site is optimized with the Yoast SEO plugin v27.3 - https:\/\/yoast.com\/product\/yoast-seo-wordpress\/ -->\n<title>Home - es - ADOC<\/title>\n<meta name=\"robots\" content=\"index, follow, max-snippet:-1, max-image-preview:large, max-video-preview:-1\" \/>\n<link rel=\"canonical\" href=\"https:\/\/adoc.pt\/es\/\" \/>\n<meta property=\"og:locale\" content=\"es_ES\" \/>\n<meta property=\"og:type\" content=\"article\" \/>\n<meta property=\"og:title\" content=\"Home - es - ADOC\" \/>\n<meta property=\"og:description\" content=\"La oficina de ADOC naci\u00f3 de la convergencia de un grupo de arquitectos, con diferentes experiencias y con el prop\u00f3sito de trabajar la disciplina centrando y agregando todas las vertientes t\u00e9cnicas de la construcci\u00f3n, en un dise\u00f1o \u00fanico y perenne. La trayectoria individual de cada uno, antes de la fundaci\u00f3n de ADOC, permiti\u00f3 desde el [&hellip;]\" \/>\n<meta property=\"og:url\" content=\"https:\/\/adoc.pt\/es\/\" \/>\n<meta property=\"og:site_name\" content=\"ADOC\" \/>\n<meta property=\"article:modified_time\" content=\"2020-02-19T06:30:14+00:00\" \/>\n<meta name=\"twitter:card\" content=\"summary_large_image\" \/>\n<script type=\"application\/ld+json\" class=\"yoast-schema-graph\">{\"@context\":\"https:\\\/\\\/schema.org\",\"@graph\":[{\"@type\":\"WebPage\",\"@id\":\"https:\\\/\\\/adoc.pt\\\/es\\\/\",\"url\":\"https:\\\/\\\/adoc.pt\\\/es\\\/\",\"name\":\"Home - es - ADOC\",\"isPartOf\":{\"@id\":\"https:\\\/\\\/adoc.pt\\\/#website\"},\"datePublished\":\"2019-09-09T09:03:27+00:00\",\"dateModified\":\"2020-02-19T06:30:14+00:00\",\"breadcrumb\":{\"@id\":\"https:\\\/\\\/adoc.pt\\\/es\\\/#breadcrumb\"},\"inLanguage\":\"es\",\"potentialAction\":[{\"@type\":\"ReadAction\",\"target\":[\"https:\\\/\\\/adoc.pt\\\/es\\\/\"]}]},{\"@type\":\"BreadcrumbList\",\"@id\":\"https:\\\/\\\/adoc.pt\\\/es\\\/#breadcrumb\",\"itemListElement\":[{\"@type\":\"ListItem\",\"position\":1,\"name\":\"In\u00edcio\",\"item\":\"https:\\\/\\\/adoc.pt\\\/es\\\/\"},{\"@type\":\"ListItem\",\"position\":2,\"name\":\"Home &#8211; es\"}]},{\"@type\":\"WebSite\",\"@id\":\"https:\\\/\\\/adoc.pt\\\/#website\",\"url\":\"https:\\\/\\\/adoc.pt\\\/\",\"name\":\"ADOC\",\"description\":\"Arquitectura, Design, Ordenamento, Consultores\",\"potentialAction\":[{\"@type\":\"SearchAction\",\"target\":{\"@type\":\"EntryPoint\",\"urlTemplate\":\"https:\\\/\\\/adoc.pt\\\/?s={search_term_string}\"},\"query-input\":{\"@type\":\"PropertyValueSpecification\",\"valueRequired\":true,\"valueName\":\"search_term_string\"}}],\"inLanguage\":\"es\"}]}<\/script>\n<!-- \/ Yoast SEO plugin. -->","yoast_head_json":{"title":"Home - es - ADOC","robots":{"index":"index","follow":"follow","max-snippet":"max-snippet:-1","max-image-preview":"max-image-preview:large","max-video-preview":"max-video-preview:-1"},"canonical":"https:\/\/adoc.pt\/es\/","og_locale":"es_ES","og_type":"article","og_title":"Home - es - ADOC","og_description":"La oficina de ADOC naci\u00f3 de la convergencia de un grupo de arquitectos, con diferentes experiencias y con el prop\u00f3sito de trabajar la disciplina centrando y agregando todas las vertientes t\u00e9cnicas de la construcci\u00f3n, en un dise\u00f1o \u00fanico y perenne. La trayectoria individual de cada uno, antes de la fundaci\u00f3n de ADOC, permiti\u00f3 desde el [&hellip;]","og_url":"https:\/\/adoc.pt\/es\/","og_site_name":"ADOC","article_modified_time":"2020-02-19T06:30:14+00:00","twitter_card":"summary_large_image","schema":{"@context":"https:\/\/schema.org","@graph":[{"@type":"WebPage","@id":"https:\/\/adoc.pt\/es\/","url":"https:\/\/adoc.pt\/es\/","name":"Home - es - ADOC","isPartOf":{"@id":"https:\/\/adoc.pt\/#website"},"datePublished":"2019-09-09T09:03:27+00:00","dateModified":"2020-02-19T06:30:14+00:00","breadcrumb":{"@id":"https:\/\/adoc.pt\/es\/#breadcrumb"},"inLanguage":"es","potentialAction":[{"@type":"ReadAction","target":["https:\/\/adoc.pt\/es\/"]}]},{"@type":"BreadcrumbList","@id":"https:\/\/adoc.pt\/es\/#breadcrumb","itemListElement":[{"@type":"ListItem","position":1,"name":"In\u00edcio","item":"https:\/\/adoc.pt\/es\/"},{"@type":"ListItem","position":2,"name":"Home &#8211; es"}]},{"@type":"WebSite","@id":"https:\/\/adoc.pt\/#website","url":"https:\/\/adoc.pt\/","name":"ADOC","description":"Arquitectura, Design, Ordenamento, Consultores","potentialAction":[{"@type":"SearchAction","target":{"@type":"EntryPoint","urlTemplate":"https:\/\/adoc.pt\/?s={search_term_string}"},"query-input":{"@type":"PropertyValueSpecification","valueRequired":true,"valueName":"search_term_string"}}],"inLanguage":"es"}]}},"_links":{"self":[{"href":"https:\/\/adoc.pt\/es\/wp-json\/wp\/v2\/pages\/14","targetHints":{"allow":["GET"]}}],"collection":[{"href":"https:\/\/adoc.pt\/es\/wp-json\/wp\/v2\/pages"}],"about":[{"href":"https:\/\/adoc.pt\/es\/wp-json\/wp\/v2\/types\/page"}],"author":[{"embeddable":true,"href":"https:\/\/adoc.pt\/es\/wp-json\/wp\/v2\/users\/1"}],"replies":[{"embeddable":true,"href":"https:\/\/adoc.pt\/es\/wp-json\/wp\/v2\/comments?post=14"}],"version-history":[{"count":5,"href":"https:\/\/adoc.pt\/es\/wp-json\/wp\/v2\/pages\/14\/revisions"}],"predecessor-version":[{"id":1355,"href":"https:\/\/adoc.pt\/es\/wp-json\/wp\/v2\/pages\/14\/revisions\/1355"}],"wp:attachment":[{"href":"https:\/\/adoc.pt\/es\/wp-json\/wp\/v2\/media?parent=14"}],"curies":[{"name":"wp","href":"https:\/\/api.w.org\/{rel}","templated":true}]}}